{"id":162,"date":"2026-01-26T09:29:07","date_gmt":"2026-01-26T09:29:07","guid":{"rendered":"https:\/\/adelinelacour.dk\/?page_id=162"},"modified":"2026-04-18T07:24:23","modified_gmt":"2026-04-18T07:24:23","slug":"til-bibliotekarer","status":"publish","type":"page","link":"https:\/\/adelinelacour.dk\/index.php\/til-bibliotekarer\/","title":{"rendered":"Til l\u00e6rere og bibliotekarer"},"content":{"rendered":"<p>Adeline er m\u00e5ske ikke en helt almindelig pige. Hun er meget intelligent, um\u00e6ttelig nysgerrig og kan lide at l\u00e6se og lave fors\u00f8g med sin maman i laboratoriet. Hun trives i voksenselskab og har ikke brug for andre b\u00f8rn. Piger som hende har ogs\u00e5 brug for en helt.<\/p>\n<p>I dag ville hun m\u00e5ske blive kaldt n\u00f8rd. Hun opfylder i hvert fald alle punkter for h\u00f8j begavelse, som begrebet bruges nu, med alt hvad det indeb\u00e6rer. I 1913 var intelligens generelt ikke noget, man interesserede sig for eller fandt specielt \u00f8nskeligt hos piger. De skulle jo bare giftes og stifte hjem. Heldigvis for Adeline er hendes familie ogs\u00e5 anderledes, s\u00e5 hun f\u00e5r lov at v\u00e6re sig selv.<\/p>\n<p>Bogen handler om hendes oplevelser og tanker. Som hun ser verden. Hvad hun t\u00e6nker om de voksne. Den handler om sm\u00e5 samfund og menneskers holdning til hinanden og d\u00f8den, og hvad man kan og ikke kan. Den handler om at g\u00f8re det rigtige, fordi det er vigtigt. Om beslutninger og overvejelser, om at t\u00e6nke sig om og v\u00e6re fornuftig. Om familie, og valg og ansvar, og hvor du helst vil v\u00e6re. Sikkert h\u00e5bl\u00f8st umoderne, men noget alle har brug for. Og jo mere b\u00f8rn kan t\u00e6nke, jo mere har de brug for at vide. Ogs\u00e5 at de er gode nok, som de er, og at der er andre som dem. Heldigvis for Adeline er hendes familie ogs\u00e5 speciel.<\/p>\n<p>Hvis verden er overv\u00e6ldende, fordi man l\u00e6gger m\u00e6rke til for meget, kan en tur tilbage i tid med skattejagt p\u00e5 loftet og i smuglerhuler m\u00e5ske v\u00e6re hyggelig pause.\u00a0 En tur, man kan tage alene, sammen med en pige, som ogs\u00e5 trives alene.<\/p>\n<p>9-12 \u00e5r og l\u00e6sere, som gerne vil p\u00e5 opdagelse men uden at blive skr\u00e6mt.<\/p>\n<p>&nbsp;<\/p>\n<p>Klasses\u00e6t kan k\u00f8bes af mig direkte ogs\u00e5 p\u00e5 b\u00e5de dansk og engelsk, s\u00e5 b\u00f8gerne kan bruges i sprogundervisning. Send mail til w e b @ a n d u i n . d k , s\u00e5 ringer jeg tlbage (desv\u00e6rre s\u00e5 meget spam p\u00e5 b\u00e5de mail og telefon, denne omvej er n\u00f8dvendig).<\/p>\n<p>&nbsp;<\/p>\n","protected":false},"excerpt":{"rendered":"<p>Adeline er m\u00e5ske ikke en helt almindelig pige. Hun er meget intelligent, um\u00e6ttelig nysgerrig og kan lide at l\u00e6se og lave fors\u00f8g med sin maman i laboratoriet. Hun trives i voksenselskab og har ikke brug for andre b\u00f8rn. Piger som hende har ogs\u00e5 brug for en helt. I dag ville hun m\u00e5ske blive kaldt n\u00f8rd. &hellip; <\/p>\n<p class=\"link-more\"><a href=\"https:\/\/adelinelacour.dk\/index.php\/til-bibliotekarer\/\" class=\"more-link\">L\u00e6s mere<span class=\"screen-reader-text\"> \u201cTil l\u00e6rere og bibliotekarer\u201d<\/span><\/a><\/p>\n","protected":false},"author":1,"featured_media":0,"parent":0,"menu_order":0,"comment_status":"closed","ping_status":"closed","template":"","meta":{"inspiro_hide_title":false,"footnotes":""},"class_list":["post-162","page","type-page","status-publish","hentry"],"_links":{"self":[{"href":"https:\/\/adelinelacour.dk\/index.php\/wp-json\/wp\/v2\/pages\/162","targetHints":{"allow":["GET"]}}],"collection":[{"href":"https:\/\/adelinelacour.dk\/index.php\/wp-json\/wp\/v2\/pages"}],"about":[{"href":"https:\/\/adelinelacour.dk\/index.php\/wp-json\/wp\/v2\/types\/page"}],"author":[{"embeddable":true,"href":"https:\/\/adelinelacour.dk\/index.php\/wp-json\/wp\/v2\/users\/1"}],"replies":[{"embeddable":true,"href":"https:\/\/adelinelacour.dk\/index.php\/wp-json\/wp\/v2\/comments?post=162"}],"version-history":[{"count":17,"href":"https:\/\/adelinelacour.dk\/index.php\/wp-json\/wp\/v2\/pages\/162\/revisions"}],"predecessor-version":[{"id":224,"href":"https:\/\/adelinelacour.dk\/index.php\/wp-json\/wp\/v2\/pages\/162\/revisions\/224"}],"wp:attachment":[{"href":"https:\/\/adelinelacour.dk\/index.php\/wp-json\/wp\/v2\/media?parent=162"}],"curies":[{"name":"wp","href":"https:\/\/api.w.org\/{rel}","templated":true}]}}